{"id":1203,"date":"2025-12-04T12:47:38","date_gmt":"2025-12-04T12:47:38","guid":{"rendered":"https:\/\/pixel-spain.com\/start\/"},"modified":"2026-01-28T14:46:25","modified_gmt":"2026-01-28T14:46:25","slug":"start","status":"publish","type":"page","link":"https:\/\/pixel-spain.com\/sv\/","title":{"rendered":"Start"},"content":{"rendered":"\t\t<div data-elementor-type=\"wp-page\" data-elementor-id=\"1203\" class=\"elementor elementor-1203 elementor-42\" data-elementor-post-type=\"page\">\n\t\t\t\t<div class=\"elementor-element elementor-element-2aa04ae e-con-full e-flex e-con e-parent\" data-id=\"2aa04ae\" data-element_type=\"container\">\n\t\t\t\t<div class=\"elementor-element elementor-element-f17fbc7 elementor-widget elementor-widget-image-carousel\" data-id=\"f17fbc7\" data-element_type=\"widget\" data-settings=\"{&quot;slides_to_show&quot;:&quot;1&quot;,&quot;navigation&quot;:&quot;none&quot;,&quot;effect&quot;:&quot;fade&quot;,&quot;autoplay&quot;:&quot;yes&quot;,&quot;pause_on_hover&quot;:&quot;yes&quot;,&quot;pause_on_interaction&quot;:&quot;yes&quot;,&quot;autoplay_speed&quot;:5000,&quot;infinite&quot;:&quot;yes&quot;,&quot;speed&quot;:500}\" data-widget_type=\"image-carousel.default\">\n\t\t\t\t\t\t\t<div class=\"elementor-image-carousel-wrapper swiper\" role=\"region\" aria-roledescription=\"carousel\" aria-label=\"Carrusel de im\u00e1genes\" dir=\"ltr\">\n\t\t\t<div class=\"elementor-image-carousel swiper-wrapper\" aria-live=\"off\">\n\t\t\t\t\t\t\t\t<div class=\"swiper-slide\" role=\"group\" aria-roledescription=\"slide\" aria-label=\"1 av 3\"><figure class=\"swiper-slide-inner\"><img decoding=\"async\" class=\"swiper-slide-image\" src=\"https:\/\/pixel-spain.com\/wp-content\/uploads\/2026\/01\/Europreven-scaled.jpg\" alt=\"Europreven\" \/><\/figure><\/div><div class=\"swiper-slide\" role=\"group\" aria-roledescription=\"slide\" aria-label=\"2 av 3\"><figure class=\"swiper-slide-inner\"><img decoding=\"async\" class=\"swiper-slide-image\" src=\"https:\/\/pixel-spain.com\/wp-content\/uploads\/2026\/01\/VI-ESCALERAS-1-scaled.jpg\" alt=\"VI ESCALERAS\" \/><\/figure><\/div><div class=\"swiper-slide\" role=\"group\" aria-roledescription=\"slide\" aria-label=\"3 av 3\"><figure class=\"swiper-slide-inner\"><img decoding=\"async\" class=\"swiper-slide-image\" src=\"https:\/\/pixel-spain.com\/wp-content\/uploads\/2026\/01\/andrea-planas-scaled.jpg\" alt=\"andrea planas\" \/><\/figure><\/div>\t\t\t<\/div>\n\t\t\t\t\t\t\t\n\t\t\t\t\t\t\t\t\t<\/div>\n\t\t\t\t\t\t<\/div>\n\t\t\t\t<\/div>\n\t\t<div class=\"elementor-element elementor-element-5c13f63 e-flex e-con-boxed e-con e-parent\" data-id=\"5c13f63\" data-element_type=\"container\" data-settings=\"{&quot;motion_fx_motion_fx_scrolling&quot;:&quot;yes&quot;,&quot;motion_fx_devices&quot;:[&quot;desktop&quot;,&quot;tablet&quot;,&quot;mobile&quot;]}\">\n\t\t\t\t\t<div class=\"e-con-inner\">\n\t\t\t\t<div class=\"elementor-element elementor-element-65b4842 animated-slow elementor-invisible elementor-widget elementor-widget-heading\" data-id=\"65b4842\" data-element_type=\"widget\" data-settings=\"{&quot;motion_fx_motion_fx_scrolling&quot;:&quot;yes&quot;,&quot;motion_fx_motion_fx_mouse&quot;:&quot;yes&quot;,&quot;_animation&quot;:&quot;fadeInDown&quot;,&quot;motion_fx_devices&quot;:[&quot;desktop&quot;,&quot;tablet&quot;,&quot;mobile&quot;]}\" data-widget_type=\"heading.default\">\n\t\t\t\t\t<h2 class=\"elementor-heading-title elementor-size-default\">VI G\u00d6R OM DITT VARUM\u00c4RKE TILL VISUELLT GENOMSLAG<\/h2>\t\t\t\t<\/div>\n\t\t\t\t\t<\/div>\n\t\t\t\t<\/div>\n\t\t<div class=\"elementor-element elementor-element-b29f172 e-flex e-con-boxed e-con e-parent\" data-id=\"b29f172\" data-element_type=\"container\">\n\t\t\t\t\t<div class=\"e-con-inner\">\n\t\t<div class=\"elementor-element elementor-element-7b83258 e-con-full animated-slow e-flex elementor-invisible e-con e-child\" data-id=\"7b83258\" data-element_type=\"container\" data-settings=\"{&quot;animation&quot;:&quot;fadeInLeft&quot;,&quot;animation_delay&quot;:700}\">\n\t\t\t\t<div class=\"elementor-element elementor-element-a29f8d3 elementor-widget elementor-widget-text-editor\" data-id=\"a29f8d3\" data-element_type=\"widget\" data-widget_type=\"text-editor.default\">\n\t\t\t\t\t\t\t\t\t<p>Pixel har skapats f\u00f6r att hj\u00e4lpa andra f\u00f6retag att f\u00e5 ett tydligt visuellt genomslag och n\u00e5 bortom sin fantasi.<\/p><p>Vi ser till att varje detalj r\u00e4knas. Fr\u00e5n design, via installation, till kundbem\u00f6tande.<\/p>\t\t\t\t\t\t\t\t<\/div>\n\t\t\t\t<\/div>\n\t\t<div class=\"elementor-element elementor-element-0978fdb e-con-full e-flex e-con e-child\" data-id=\"0978fdb\" data-element_type=\"container\">\n\t\t\t\t<div class=\"elementor-element elementor-element-32f936f animated-slow elementor-hidden-tablet elementor-hidden-mobile elementor-invisible elementor-widget elementor-widget-html\" data-id=\"32f936f\" data-element_type=\"widget\" data-settings=\"{&quot;_animation&quot;:&quot;fadeInRight&quot;,&quot;_animation_delay&quot;:700}\" data-widget_type=\"html.default\">\n\t\t\t\t\t<div class=\"loading-text\">BEG\u00c4R DIN OFFERTV\u00c4RDE NU!<\/div><style>.loading-text {\n\tplace-self: center;\n\tbackground: linear-gradient(90deg, #00f, #232a56, #00f) -100%\/ 200%;\n\t\/* being excessively careful with compat, \n\t * though this has been supported unprefixed and \n\t * in the shorthand across major browsers for a while;\n\t * but it catches the latest browser versions supported \n\t * on Wndows XP, 7 and 8; yeah, they exist in 2025 *\/\n\t-webkit-background-clip: text;\n\t        background-clip: text;\n\t\/* use color, don't use -webkit-text-fill-color anymore, \n\t * was meant to solve a problem we haven't had in years *\/\n\tline-height: 1;\n\tfont-family: poppins;\n\ttext-align: left;\n\tfont-weight: 800;\n\tfont-size: 40pt;\n\tcolor: transparent;\n\tanimation: shimmer 5s linear infinite\n}\n\n@keyframes shimmer { to { background-position: 100% } }\n\n\/* avoid problems in high contrast mode *\/\n@media (forced-colors: active) {\n  p {\n    background: #232a56;\n    color: aquamarine\n  }\n}<\/style>\t\t\t\t<\/div>\n\t\t\t\t<div class=\"elementor-element elementor-element-cecd4fd elementor-hidden-desktop elementor-hidden-tablet elementor-widget elementor-widget-html\" data-id=\"cecd4fd\" data-element_type=\"widget\" data-widget_type=\"html.default\">\n\t\t\t\t\t<div class=\"Contacta\">BEG\u00c4R DIN OFFERTV\u00c4RDE NU!<\/div><style>.Contacta {\n\tplace-self: center;\n\tbackground: linear-gradient(90deg, #00f, #232a56, #00f) -100%\/ 200%;\n\t\/* being excessively careful with compat, \n\t * though this has been supported unprefixed and \n\t * in the shorthand across major browsers for a while;\n\t * but it catches the latest browser versions supported \n\t * on Wndows XP, 7 and 8; yeah, they exist in 2025 *\/\n\t-webkit-background-clip: text;\n\t        background-clip: text;\n\t\/* use color, don't use -webkit-text-fill-color anymore, \n\t * was meant to solve a problem we haven't had in years *\/\n\tline-height: 1;\n\tfont-family: poppins;\n\ttext-align: center;\n\tfont-weight: 800;\n\tfont-size: 20pt;\n\tcolor: transparent;\n\tanimation: shimmer 5s linear infinite\n}\n\n@keyframes shimmer { to { background-position: 100% } }\n\n\/* avoid problems in high contrast mode *\/\n@media (forced-colors: active) {\n  p {\n    background: #232a56;\n    color: aquamarine\n  }\n}<\/style>\t\t\t\t<\/div>\n\t\t\t\t<div class=\"elementor-element elementor-element-0487700 animated-slow elementor-invisible elementor-widget elementor-widget-button\" data-id=\"0487700\" data-element_type=\"widget\" data-settings=\"{&quot;_animation&quot;:&quot;fadeInRight&quot;,&quot;_animation_delay&quot;:1100}\" data-widget_type=\"button.default\">\n\t\t\t\t\t\t\t\t\t\t<a class=\"elementor-button elementor-button-link elementor-size-sm\" href=\"https:\/\/pixel-spain.com\/sv\/kontakt\/\">\n\t\t\t\t\t\t<span class=\"elementor-button-content-wrapper\">\n\t\t\t\t\t\t\t\t\t<span class=\"elementor-button-text\">KONTAKTA OSS<\/span>\n\t\t\t\t\t<\/span>\n\t\t\t\t\t<\/a>\n\t\t\t\t\t\t\t\t<\/div>\n\t\t\t\t<\/div>\n\t\t\t\t\t<\/div>\n\t\t\t\t<\/div>\n\t\t<div class=\"elementor-element elementor-element-cd1f235 e-con-full e-flex e-con e-parent\" data-id=\"cd1f235\" data-element_type=\"container\" data-settings=\"{&quot;background_background&quot;:&quot;classic&quot;}\">\n\t\t<div class=\"elementor-element elementor-element-afda1f6 e-con-full e-flex e-con e-child\" data-id=\"afda1f6\" data-element_type=\"container\">\n\t\t\t\t<div class=\"elementor-element elementor-element-d172256 animated-slow e-transform e-transform elementor-view-default elementor-invisible elementor-widget elementor-widget-icon\" data-id=\"d172256\" data-element_type=\"widget\" data-settings=\"{&quot;motion_fx_motion_fx_scrolling&quot;:&quot;yes&quot;,&quot;_animation&quot;:&quot;fadeInLeft&quot;,&quot;_animation_delay&quot;:700,&quot;_transform_flipX_effect_hover&quot;:&quot;transform&quot;,&quot;motion_fx_devices&quot;:[&quot;desktop&quot;,&quot;tablet&quot;,&quot;mobile&quot;],&quot;_transform_rotateZ_effect_hover&quot;:{&quot;unit&quot;:&quot;px&quot;,&quot;size&quot;:&quot;&quot;,&quot;sizes&quot;:[]},&quot;_transform_rotateZ_effect_hover_tablet&quot;:{&quot;unit&quot;:&quot;deg&quot;,&quot;size&quot;:&quot;&quot;,&quot;sizes&quot;:[]},&quot;_transform_rotateZ_effect_hover_mobile&quot;:{&quot;unit&quot;:&quot;deg&quot;,&quot;size&quot;:&quot;&quot;,&quot;sizes&quot;:[]}}\" data-widget_type=\"icon.default\">\n\t\t\t\t\t\t\t<div class=\"elementor-icon-wrapper\">\n\t\t\t<div class=\"elementor-icon\">\n\t\t\t<svg xmlns=\"http:\/\/www.w3.org\/2000\/svg\" id=\"Capa_1\" viewBox=\"0 0 425.2 425.2\"><defs><style>      .st0 {        fill: #371e08;      }    <\/style><\/defs><path class=\"st0\" d=\"M171.9,325.58c-1.84,0-3.33-1.49-3.33-3.33v-38.93c0-1.84,1.49-3.33,3.33-3.33h29.75c1.84,0,3.33,1.49,3.33,3.33s-1.49,3.34-3.33,3.34h-26.42v35.6c0,1.84-1.49,3.33-3.33,3.33Z\"><\/path><g><path class=\"st0\" d=\"M201.65,316.48c-1.84,0-3.33-1.49-3.33-3.33v-29.83c0-1.84,1.49-3.33,3.33-3.33h29.76c1.84,0,3.33,1.49,3.33,3.33s-1.49,3.34-3.33,3.34h-26.42v26.5c0,1.84-1.49,3.33-3.33,3.33Z\"><\/path><path class=\"st0\" d=\"M231.41,316.48c-1.84,0-3.33-1.49-3.33-3.33v-29.83c0-1.84,1.49-3.33,3.33-3.33h25.7c1.84,0,3.33,1.49,3.33,3.33s-1.49,3.34-3.33,3.34h-22.37v26.5c0,1.84-1.49,3.33-3.33,3.33Z\"><\/path><\/g><path class=\"st0\" d=\"M215.41,388.9c-.98,0-1.93-.44-2.56-1.2l-12.48-14.93c-.83-.99-1.01-2.38-.46-3.54.55-1.17,1.72-1.92,3.02-1.92h22.47c1.84,0,3.33,1.49,3.33,3.33s-1.49,3.33-3.33,3.33h-15.34l5.19,6.21,2.63-3.56c1.09-1.48,3.18-1.79,4.66-.69,1.48,1.09,1.79,3.18.7,4.66l-5.15,6.96c-.61.82-1.56,1.31-2.58,1.35h-.1Z\"><\/path><path class=\"st0\" d=\"M226.45,373.98h-23.77c-1.02,0-1.99-.47-2.62-1.27l-30.79-39.21c-1.14-1.44-.89-3.54.56-4.67,1.44-1.14,3.54-.89,4.67.56l29.79,37.94h20.32l26.55-41.73h-79.28c-1.84,0-3.33-1.49-3.33-3.33s1.49-3.33,3.33-3.33h85.34c1.22,0,2.34.66,2.92,1.73.58,1.06.54,2.37-.11,3.39l-30.79,48.39c-.61.96-1.67,1.55-2.81,1.55Z\"><\/path><path class=\"st0\" d=\"M256.72,286.65c-.57,0-1.14-.15-1.67-.45-1.59-.92-2.14-2.96-1.22-4.56.18-.31,18.44-31.72,42.18-57,1.44-1.53,3.99-4.72,5.03-6.72.08-.15.17-.29.27-.43,13.81-18.9,21.11-41.28,21.11-64.72,0-60.55-49.26-109.82-109.82-109.82s-109.82,49.27-109.82,109.82c0,24.42,7.86,47.55,22.75,66.89.06.07.11.15.16.22,1.09,1.69,2.33,3.22,3.8,4.68l.34.34c.06.06.11.12.17.18,1.91,2.19,3.93,4.32,5.98,6.32.05.05.1.1.15.15,5.27,5.83,10.14,10.95,14.43,15.46,7.97,8.38,13.92,14.64,17.57,20.2h21.15c1.84,0,3.33,1.49,3.33,3.33s-1.49,3.33-3.33,3.33h-23c-1.18,0-2.27-.62-2.87-1.64-3.12-5.31-9.54-12.07-17.68-20.62-4.3-4.53-9.17-9.65-14.48-15.51-2.13-2.08-4.21-4.29-6.2-6.55l-.27-.27c-1.77-1.78-3.28-3.63-4.61-5.66-15.73-20.5-24.05-44.99-24.05-70.85,0-64.23,52.25-116.48,116.49-116.48s116.48,52.26,116.48,116.48c0,24.78-7.69,48.45-22.25,68.46-1.51,2.8-4.43,6.35-5.96,7.98-23.22,24.72-41.09,55.46-41.27,55.77-.62,1.07-1.74,1.67-2.89,1.67Z\"><\/path><path class=\"st0\" d=\"M239.64,272.33h-40.23c-1.84,0-3.33-1.5-3.33-3.34s1.49-3.33,3.33-3.33h38.31c22.67-38.86,40.07-81.97,28.42-92-5.34-4.6-11.29-4.91-11.35-4.92-1.84-.05-3.28-1.59-3.22-3.43.06-1.84,1.62-3.28,3.44-3.22.33,0,8.29.33,15.48,6.52,19.24,16.58-13.16,76.91-27.99,102.08-.6,1.01-1.69,1.64-2.87,1.64Z\"><\/path><path class=\"st0\" d=\"M189.27,273.89c-1.13,0-2.24-.58-2.87-1.63-15.2-25.55-48.44-86.81-28.91-103.64,7.19-6.19,15.15-6.51,15.48-6.52.04,0,.07,0,.11,0,1.79,0,3.27,1.42,3.33,3.23.06,1.84-1.39,3.38-3.23,3.43-.04,0-6,.31-11.34,4.92-12.02,10.36,6.55,55.27,30.29,95.19.94,1.58.42,3.62-1.16,4.57-.53.32-1.12.47-1.7.47Z\"><\/path><path class=\"st0\" d=\"M244.74,162.94c-.34,0-.69-.05-1.03-.16-10.51-3.42-18.22-.75-18.3-.73-1.73.62-3.64-.28-4.26-2-.63-1.72.25-3.62,1.97-4.25.39-.15,9.82-3.52,22.64.64,1.75.56,2.71,2.45,2.14,4.2-.46,1.41-1.77,2.3-3.17,2.3Z\"><\/path><path class=\"st0\" d=\"M186.04,162.55c-.8,0-1.61-.3-2.26-.88-1.36-1.24-1.42-3.39-.19-4.76.76-.84,5.21-5.04,17.97-5.16,1.81-.02,8.11.53,12.12,3.16,1.54,1.02,1.97,3.08.96,4.62-1.01,1.54-3.08,1.96-4.61.96-2.22-1.46-6.54-2.07-8.34-2.07-.02,0-.04,0-.07,0-9.94.09-13.15,3.03-13.18,3.06-.65.71-1.52,1.07-2.4,1.07Z\"><\/path><path class=\"st0\" d=\"M247.05,192.11c-3.12,0-6.09-1.38-8.39-4.06-2.91-3.41-3.61-7.81-1.97-12.41,2.32-6.52,8.89-12.13,15.59-13.33,4.46-.8,9.61,1.25,10.18,1.49,1.7.71,2.51,2.66,1.8,4.36-.7,1.7-2.65,2.5-4.35,1.8-.98-.4-4.3-1.48-6.45-1.09-4.29.77-9,4.81-10.5,9.02-.82,2.32-.57,4.28.76,5.84,2.18,2.55,4.61,1.82,6.27.75,3.12-2.02,5.26-6.44,3.42-10.35-.78-1.67-.06-3.65,1.6-4.43,1.66-.78,3.65-.06,4.43,1.6,3.38,7.21-.32,15.22-5.84,18.78-2.13,1.37-4.38,2.05-6.56,2.05Z\"><\/path><path class=\"st0\" d=\"M220.6,189.08c-1.29,0-2.62-.23-3.96-.72-4.21-1.52-7-5.01-7.84-9.82-1.2-6.82,1.73-14.93,6.97-19.29,3.39-2.82,9.46-4.06,10.15-4.19,1.81-.35,3.56.83,3.9,2.64.35,1.81-.83,3.56-2.64,3.91-.68.13-1.58.36-2.51.64.37.1.72.26,1.05.5,6.73,4.76,7.51,14.2,4.37,20.2-2.07,3.95-5.57,6.14-9.49,6.14ZM220.92,163.76c-.34.19-.64.39-.89.6-3.35,2.79-5.45,8.63-4.68,13.02.43,2.43,1.62,4.01,3.55,4.7.85.31,3.46,1.25,5.27-2.23,1.85-3.54,1.36-9.08-2.31-11.68-1.42-1.01-1.82-2.94-.95-4.41Z\"><\/path><path class=\"st0\" d=\"M193.63,189.56c-2.81,0-5.68-1.01-8.3-2.99-5.62-4.25-8.94-11.96-7.89-18.34,1.32-8.02,6.22-11.48,6.77-11.85,1.53-1.02,3.6-.6,4.62.93,1.02,1.54.6,3.61-.93,4.62-.05.04-1.05.77-2.05,2.37.37-.19.79-.32,1.24-.36,8.83-.79,15.88,5.32,17.59,11.69,1.47,5.46-.85,10.36-6.07,12.81-1.6.75-3.29,1.12-4.99,1.12ZM184.22,168.29c-.08.32-.14.67-.2,1.02-.65,3.94,1.7,9.19,5.33,11.94,1.56,1.18,3.93,2.33,6.44,1.15,2.26-1.06,3.09-2.75,2.47-5.04-.98-3.63-5.31-7.27-10.57-6.79-1.57.13-2.99-.84-3.46-2.28Z\"><\/path><path class=\"st0\" d=\"M257.24,325.58c-1.84,0-3.33-1.49-3.33-3.33v-29.63c0-1.84,1.49-3.33,3.33-3.33s3.33,1.49,3.33,3.33v29.63c0,1.84-1.49,3.33-3.33,3.33Z\"><\/path><\/svg>\t\t\t<\/div>\n\t\t<\/div>\n\t\t\t\t\t\t<\/div>\n\t\t\t\t<div class=\"elementor-element elementor-element-aafa01f animated-slow elementor-invisible elementor-widget elementor-widget-heading\" data-id=\"aafa01f\" data-element_type=\"widget\" data-settings=\"{&quot;_animation&quot;:&quot;fadeInUp&quot;,&quot;_animation_delay&quot;:1100}\" data-widget_type=\"heading.default\">\n\t\t\t\t\t<h2 class=\"elementor-heading-title elementor-size-default\">DESIGN<\/h2>\t\t\t\t<\/div>\n\t\t\t\t<\/div>\n\t\t<div class=\"elementor-element elementor-element-ff0e873 e-con-full e-flex e-con e-child\" data-id=\"ff0e873\" data-element_type=\"container\">\n\t\t\t\t<div class=\"elementor-element elementor-element-6f8433e animated-slow e-transform e-transform elementor-view-default elementor-invisible elementor-widget elementor-widget-icon\" data-id=\"6f8433e\" data-element_type=\"widget\" data-settings=\"{&quot;motion_fx_motion_fx_scrolling&quot;:&quot;yes&quot;,&quot;_animation&quot;:&quot;fadeInUp&quot;,&quot;_animation_delay&quot;:700,&quot;_transform_flipX_effect_hover&quot;:&quot;transform&quot;,&quot;motion_fx_devices&quot;:[&quot;desktop&quot;,&quot;tablet&quot;,&quot;mobile&quot;],&quot;_transform_rotateZ_effect_hover&quot;:{&quot;unit&quot;:&quot;px&quot;,&quot;size&quot;:&quot;&quot;,&quot;sizes&quot;:[]},&quot;_transform_rotateZ_effect_hover_tablet&quot;:{&quot;unit&quot;:&quot;deg&quot;,&quot;size&quot;:&quot;&quot;,&quot;sizes&quot;:[]},&quot;_transform_rotateZ_effect_hover_mobile&quot;:{&quot;unit&quot;:&quot;deg&quot;,&quot;size&quot;:&quot;&quot;,&quot;sizes&quot;:[]}}\" data-widget_type=\"icon.default\">\n\t\t\t\t\t\t\t<div class=\"elementor-icon-wrapper\">\n\t\t\t<div class=\"elementor-icon\">\n\t\t\t<svg xmlns=\"http:\/\/www.w3.org\/2000\/svg\" id=\"Capa_1\" viewBox=\"0 0 425.2 425.2\"><defs><style>      .st0 {        fill: #221f1c;      }    <\/style><\/defs><path class=\"st0\" d=\"M77.17,131.35c-5.92,0-10.73-4.93-10.73-10.98v-9.57c0-5.96,4.82-10.81,10.73-10.81h270.86c5.92,0,10.73,4.85,10.73,10.81v9.57c0,6.05-4.82,10.98-10.73,10.98H77.17ZM334.03,125.33h14c2.6,0,4.71-2.22,4.71-4.95v-9.57c0-2.59-2.16-4.78-4.71-4.78h-14v19.31ZM314.73,125.33h13.27v-19.31h-13.27v19.31ZM116.5,125.33h192.21v-19.31H116.5v19.31ZM97.2,125.33h13.27v-19.31h-13.27v19.31ZM77.17,106.02c-2.55,0-4.71,2.19-4.71,4.78v9.57c0,2.73,2.11,4.95,4.71,4.95h14v-19.31h-14Z\"><\/path><path class=\"st0\" d=\"M303.12,335.48c-1.66,0-3.01-1.35-3.01-3.01,0-7.72,6.23-14,13.89-14h2.25v-115.17h-7.16c-.36,0-.72-.02-1.07-.04l-1.53-.12v66.44c0,5.08-3.95,9.21-8.8,9.21H127.52c-4.85,0-8.8-4.13-8.8-9.21v-66.44l-1.53.12c-.36.03-.71.05-1.07.05h-7.16v115.17h2.07c7.66,0,13.89,6.28,13.89,14,0,1.66-1.35,3.01-3.01,3.01h-52.1c-1.66,0-3.01-1.35-3.01-3.01,0-7.72,6.23-14,13.89-14h2.25v-115.17h-7.16c-6.17,0-11.71-4.17-13.48-10.14l-.3-1.02h-5.17c-12.3,0-22.31-10.09-22.31-22.5v-45.54c0-18.95,15.28-34.38,34.07-34.38h287.88c18.88,0,34.24,15.42,34.24,34.38v45.54c0,12.41-10.08,22.5-22.48,22.5h-5l-.3,1.02c-1.76,5.97-7.31,10.14-13.48,10.14h-7.16v115.17h2.07c7.75,0,14.06,6.28,14.06,14,0,1.66-1.35,3.01-3.01,3.01h-52.28ZM314,324.49c-2.16,0-4.26.94-5.75,2.59l-2.16,2.37h46.38l-2.2-2.38c-1.52-1.64-3.68-2.58-5.92-2.58h-30.35ZM80.68,324.49c-2.16,0-4.26.94-5.75,2.59l-2.16,2.37h46.22l-2.11-2.36c-1.48-1.65-3.61-2.6-5.85-2.6h-30.35ZM322.28,318.46h13.97v-115.17h-13.97v115.17ZM88.95,318.46h13.98v-115.17h-13.98v115.17ZM124.74,269.56c0,1.7,1.3,3.19,2.78,3.19h170.17c1.48,0,2.78-1.49,2.78-3.19v-109.15H124.74v109.15ZM306.48,196.94l1.18.2c.49.08.96.12,1.42.12h40.35c2.36,0,4.59-1.02,6.11-2.8l1.99-2.34h-51.05v4.81ZM69.66,194.46c1.51,1.78,3.74,2.8,6.11,2.8h40.35c.49,0,.98-.05,1.46-.14l1.14-.22v-4.77h-51.04l1.98,2.33ZM303.47,154.39c1.66,0,3.01,1.35,3.01,3.01v28.7h61.72c8.92,0,16.46-7.55,16.46-16.48v-45.54c0-15.63-12.66-28.35-28.21-28.35H68.57c-15.46,0-28.04,12.72-28.04,28.35v45.54c0,8.93,7.46,16.48,16.29,16.48h61.89v-28.7c0-1.66,1.35-3.01,3.01-3.01h181.75Z\"><\/path><\/svg>\t\t\t<\/div>\n\t\t<\/div>\n\t\t\t\t\t\t<\/div>\n\t\t\t\t<div class=\"elementor-element elementor-element-b7ed14c animated-slow elementor-invisible elementor-widget elementor-widget-heading\" data-id=\"b7ed14c\" data-element_type=\"widget\" data-settings=\"{&quot;motion_fx_motion_fx_scrolling&quot;:&quot;yes&quot;,&quot;_animation&quot;:&quot;fadeInUp&quot;,&quot;_animation_delay&quot;:1100,&quot;motion_fx_devices&quot;:[&quot;desktop&quot;,&quot;tablet&quot;,&quot;mobile&quot;]}\" data-widget_type=\"heading.default\">\n\t\t\t\t\t<h2 class=\"elementor-heading-title elementor-size-default\">TRYCK<\/h2>\t\t\t\t<\/div>\n\t\t\t\t<\/div>\n\t\t<div class=\"elementor-element elementor-element-fd96013 e-con-full e-flex e-con e-child\" data-id=\"fd96013\" data-element_type=\"container\">\n\t\t\t\t<div class=\"elementor-element elementor-element-07b2a80 animated-slow e-transform elementor-view-default elementor-invisible elementor-widget elementor-widget-icon\" data-id=\"07b2a80\" data-element_type=\"widget\" data-settings=\"{&quot;motion_fx_motion_fx_scrolling&quot;:&quot;yes&quot;,&quot;_animation&quot;:&quot;fadeInRight&quot;,&quot;_transform_rotateZ_effect_hover&quot;:{&quot;unit&quot;:&quot;px&quot;,&quot;size&quot;:360,&quot;sizes&quot;:[]},&quot;_animation_delay&quot;:700,&quot;motion_fx_devices&quot;:[&quot;desktop&quot;,&quot;tablet&quot;,&quot;mobile&quot;],&quot;_transform_rotateZ_effect_hover_tablet&quot;:{&quot;unit&quot;:&quot;deg&quot;,&quot;size&quot;:&quot;&quot;,&quot;sizes&quot;:[]},&quot;_transform_rotateZ_effect_hover_mobile&quot;:{&quot;unit&quot;:&quot;deg&quot;,&quot;size&quot;:&quot;&quot;,&quot;sizes&quot;:[]}}\" data-widget_type=\"icon.default\">\n\t\t\t\t\t\t\t<div class=\"elementor-icon-wrapper\">\n\t\t\t<div class=\"elementor-icon\">\n\t\t\t<svg xmlns=\"http:\/\/www.w3.org\/2000\/svg\" id=\"Capa_1\" viewBox=\"0 0 425.2 425.2\"><defs><style>      .st0 {        fill: #010001;      }    <\/style><\/defs><path class=\"st0\" d=\"M244.86,166.33c14.98,10.41,24.16,27.48,24.16,46.27,0,31.08-25.28,56.36-56.36,56.36s-56.36-25.28-56.36-56.36c0-18.79,9.18-35.86,24.16-46.27v46.27c0,2.68,1.34,5.21,3.6,6.71l24.16,16.1c1.34.91,2.9,1.37,4.46,1.37s3.11-.46,4.46-1.37l24.16-16.1c2.25-1.5,3.6-4.03,3.6-6.71v-46.27M180.44,159.33c-1.4,0-2.8.42-4,1.25-17.01,11.82-27.16,31.27-27.16,52.02,0,34.94,28.42,63.36,63.36,63.36s63.36-28.42,63.36-63.36c0-20.75-10.15-40.19-27.16-52.02-1.2-.83-2.59-1.25-4-1.25-1.11,0-2.22.26-3.24.8-2.31,1.21-3.76,3.6-3.76,6.2v46.27c0,.35-.18.69-.48.89l-24.16,16.1s-.04.02-.05.04c-.19.13-.39.16-.52.16s-.33-.03-.52-.16c-.02-.01-.04-.02-.05-.04l-24.16-16.1c-.3-.2-.48-.53-.48-.89v-46.27c0-2.61-1.45-5-3.76-6.2-1.02-.53-2.13-.8-3.24-.8h0Z\"><\/path><path class=\"st0\" d=\"M228.75,283.24v66.78h-32.21v-66.78c5.21,1.18,10.57,1.83,16.1,1.83s10.9-.64,16.1-1.83M228.75,276.24c-.52,0-1.04.06-1.55.17-4.83,1.1-9.73,1.65-14.56,1.65s-9.72-.56-14.55-1.65c-.51-.12-1.03-.17-1.55-.17-1.57,0-3.12.53-4.37,1.53-1.66,1.33-2.63,3.34-2.63,5.47v66.78c0,3.87,3.13,7,7,7h32.21c3.87,0,7-3.13,7-7v-66.78c0-2.13-.97-4.14-2.63-5.47-1.25-1-2.8-1.53-4.37-1.53h0Z\"><\/path><path class=\"st0\" d=\"M236.81,75.18c3.7,0,6.92,2.52,7.89,6.17l6.17,25.23c3.22,1.23,6.5,2.58,9.77,4.13l21.9-13.15c1.28-.76,2.71-1.13,4.12-1.13,2.08,0,4.14.81,5.7,2.37l34.14,34.14c2.63,2.58,3.11,6.66,1.23,9.82l-13.15,21.9c1.56,3.22,2.95,6.5,4.13,9.77l25.23,6.17c3.6.91,6.12,4.13,6.01,7.89v48.31c0,3.7-2.52,6.98-6.12,7.84l-25.23,6.17c-1.23,3.22-2.58,6.5-4.13,9.77l13.15,21.9c1.88,3.17,1.4,7.19-1.23,9.82l-34.14,34.14c-1.53,1.56-3.6,2.37-5.68,2.37-1.42,0-2.86-.37-4.14-1.13l-21.9-13.15c-3.22,1.56-6.5,2.95-9.77,4.13l-5.96,24.32v-65.43c23.83-11.86,40.26-36.5,40.26-64.9,0-14.71-4.4-28.88-12.72-40.96-8.11-11.81-19.38-20.88-32.58-26.25-.97-.38-1.99-.57-3.01-.57-1.59,0-3.17.46-4.5,1.37-2.2,1.45-3.54,3.97-3.54,6.66v55.4l-16.1,10.74-16.1-10.74v-55.45c0-2.63-1.34-5.15-3.54-6.66-1.34-.92-2.93-1.4-4.52-1.4-1.01,0-2.03.19-2.99.59-13.2,5.37-24.48,14.44-32.58,26.25-8.32,12.13-12.72,26.25-12.72,40.96,0,28.4,16.43,53.03,40.26,64.9v65.43l-5.96-24.32c-3.22-1.23-6.5-2.58-9.77-4.13l-21.9,13.15c-1.28.76-2.71,1.13-4.12,1.13-2.08,0-4.14-.81-5.7-2.37l-34.14-34.14c-2.63-2.58-3.11-6.66-1.23-9.82l13.15-21.9c-1.56-3.22-2.95-6.5-4.13-9.77l-25.23-6.17c-3.6-.91-6.12-4.13-6.12-7.84v-48.31c0-3.7,2.52-6.92,6.17-7.89l25.23-6.17c1.23-3.22,2.58-6.5,4.13-9.77l-13.15-21.9c-1.88-3.17-1.4-7.19,1.23-9.82l34.14-34.14c1.53-1.56,3.6-2.37,5.68-2.37,1.42,0,2.86.37,4.14,1.13l21.9,13.15c3.22-1.56,6.5-2.95,9.77-4.13l6.17-25.23c.91-3.6,4.13-6.12,7.84-6.12h48.31M236.81,68.18h-48.31c-6.91,0-12.92,4.69-14.62,11.4,0,.02,0,.04-.01.06l-5.3,21.67c-1.13.46-2.27.94-3.42,1.45l-18.72-11.24c-2.36-1.4-5.03-2.13-7.74-2.13-3.99,0-7.87,1.62-10.65,4.44l-34.12,34.12c-4.87,4.87-5.82,12.42-2.31,18.34l11.28,18.78c-.47,1.08-.94,2.2-1.42,3.38l-21.71,5.31s-.09.02-.13.03c-6.7,1.77-11.38,7.8-11.38,14.66v48.31c0,6.91,4.69,12.92,11.4,14.62.02,0,.04,0,.06.01l21.67,5.3c.46,1.13.94,2.27,1.45,3.42l-11.24,18.72c-3.57,6.01-2.61,13.56,2.31,18.4l34.12,34.12c2.85,2.85,6.63,4.42,10.65,4.42,2.7,0,5.36-.73,7.69-2.11l18.78-11.28c1.08.47,2.2.94,3.38,1.42l5.1,20.8c.77,3.16,3.61,5.33,6.79,5.33.28,0,.56-.02.84-.05,3.52-.42,6.16-3.41,6.16-6.95v-65.43c0-2.66-1.5-5.08-3.88-6.27-22.44-11.17-36.38-33.63-36.38-58.63,0-13.24,3.97-26.03,11.49-37,7.32-10.66,17.5-18.87,29.45-23.72.13-.05.24-.08.36-.08.2,0,.41.06.57.18.29.2.49.56.49.88v55.45c0,2.34,1.17,4.53,3.12,5.82l16.1,10.74c1.18.78,2.53,1.18,3.88,1.18s2.71-.39,3.88-1.18l16.1-10.74c1.95-1.3,3.12-3.48,3.12-5.82v-55.4c0-.32.16-.66.39-.81.03-.02.06-.04.1-.06.14-.1.34-.15.56-.15.15,0,.3.03.44.08,11.92,4.86,22.08,13.05,29.39,23.7,7.52,10.92,11.49,23.71,11.49,37,0,25-13.94,47.46-36.38,58.63-2.38,1.18-3.88,3.61-3.88,6.27v65.43c0,3.54,2.65,6.52,6.16,6.95.28.03.57.05.84.05,3.18,0,6.02-2.17,6.79-5.33l5.09-20.76c1.13-.46,2.27-.94,3.42-1.45l18.72,11.24c2.36,1.4,5.03,2.13,7.74,2.13,3.99,0,7.88-1.62,10.66-4.44l34.12-34.12c4.87-4.87,5.82-12.42,2.31-18.34l-11.28-18.78c.47-1.08.94-2.2,1.42-3.38l21.71-5.31c6.73-1.61,11.46-7.63,11.46-14.64v-48.23c.15-6.97-4.48-13.03-11.29-14.76-.02,0-.04,0-.06-.01l-21.67-5.3c-.46-1.13-.94-2.27-1.45-3.42l11.24-18.72c3.57-6.01,2.61-13.56-2.31-18.4l-34.12-34.12c-2.85-2.85-6.63-4.42-10.65-4.42-2.7,0-5.36.73-7.69,2.11l-18.78,11.28c-1.08-.47-2.2-.94-3.38-1.42l-5.31-21.71s-.02-.09-.03-.13c-1.77-6.7-7.8-11.38-14.66-11.38h0Z\"><\/path><\/svg>\t\t\t<\/div>\n\t\t<\/div>\n\t\t\t\t\t\t<\/div>\n\t\t\t\t<div class=\"elementor-element elementor-element-6608f0a animated-slow elementor-invisible elementor-widget elementor-widget-heading\" data-id=\"6608f0a\" data-element_type=\"widget\" data-settings=\"{&quot;_animation&quot;:&quot;fadeInUp&quot;,&quot;_animation_delay&quot;:1100}\" data-widget_type=\"heading.default\">\n\t\t\t\t\t<h2 class=\"elementor-heading-title elementor-size-default\">INSTALLATION<\/h2>\t\t\t\t<\/div>\n\t\t\t\t<\/div>\n\t\t\t\t<\/div>\n\t\t\t\t<\/div>\n\t\t","protected":false},"excerpt":{"rendered":"<p>VI G\u00d6R OM DITT VARUM\u00c4RKE TILL VISUELLT GENOMSLAG Pixel har skapats f\u00f6r att hj\u00e4lpa andra f\u00f6retag att f\u00e5 ett tydligt visuellt genomslag och n\u00e5 bortom sin fantasi. Vi ser till att varje detalj r\u00e4knas. Fr\u00e5n design, via installation, till kundbem\u00f6tande. BEG\u00c4R DIN OFFERTV\u00c4RDE NU! BEG\u00c4R DIN OFFERTV\u00c4RDE NU! KONTAKTA OSS DESIGN TRYCK INSTALLATION<\/p>\n","protected":false},"author":2,"featured_media":0,"parent":0,"menu_order":0,"comment_status":"closed","ping_status":"closed","template":"","meta":{"footnotes":""},"class_list":["post-1203","page","type-page","status-publish","hentry"],"_links":{"self":[{"href":"https:\/\/pixel-spain.com\/sv\/wp-json\/wp\/v2\/pages\/1203","targetHints":{"allow":["GET"]}}],"collection":[{"href":"https:\/\/pixel-spain.com\/sv\/wp-json\/wp\/v2\/pages"}],"about":[{"href":"https:\/\/pixel-spain.com\/sv\/wp-json\/wp\/v2\/types\/page"}],"author":[{"embeddable":true,"href":"https:\/\/pixel-spain.com\/sv\/wp-json\/wp\/v2\/users\/2"}],"replies":[{"embeddable":true,"href":"https:\/\/pixel-spain.com\/sv\/wp-json\/wp\/v2\/comments?post=1203"}],"version-history":[{"count":4,"href":"https:\/\/pixel-spain.com\/sv\/wp-json\/wp\/v2\/pages\/1203\/revisions"}],"predecessor-version":[{"id":1237,"href":"https:\/\/pixel-spain.com\/sv\/wp-json\/wp\/v2\/pages\/1203\/revisions\/1237"}],"wp:attachment":[{"href":"https:\/\/pixel-spain.com\/sv\/wp-json\/wp\/v2\/media?parent=1203"}],"curies":[{"name":"wp","href":"https:\/\/api.w.org\/{rel}","templated":true}]}}