{"id":1134,"date":"2025-12-04T12:48:08","date_gmt":"2025-12-04T12:48:08","guid":{"rendered":"https:\/\/pixel-spain.com\/tjanster\/"},"modified":"2026-03-27T13:59:53","modified_gmt":"2026-03-27T13:59:53","slug":"tjanster","status":"publish","type":"page","link":"https:\/\/pixel-spain.com\/sv\/tjanster\/","title":{"rendered":"Tj\u00e4nster"},"content":{"rendered":"\t\t<div data-elementor-type=\"wp-page\" data-elementor-id=\"1134\" class=\"elementor elementor-1134 elementor-44\" data-elementor-post-type=\"page\">\n\t\t\t\t<div class=\"elementor-element elementor-element-1fb137f e-flex e-con-boxed e-con e-parent\" data-id=\"1fb137f\" data-element_type=\"container\">\n\t\t\t\t\t<div class=\"e-con-inner\">\n\t\t<div class=\"elementor-element elementor-element-4649121 e-con-full e-flex e-con e-child\" data-id=\"4649121\" data-element_type=\"container\">\n\t\t\t\t<div class=\"elementor-element elementor-element-28be81f elementor-widget elementor-widget-heading\" data-id=\"28be81f\" data-element_type=\"widget\" data-widget_type=\"heading.default\">\n\t\t\t\t\t<h2 class=\"elementor-heading-title elementor-size-default\">TRYCK<\/h2>\t\t\t\t<\/div>\n\t\t\t\t<div class=\"elementor-element elementor-element-a8ae518 elementor-widget elementor-widget-text-editor\" data-id=\"a8ae518\" data-element_type=\"widget\" data-widget_type=\"text-editor.default\">\n\t\t\t\t\t\t\t\t\t<p>Den perfekta l\u00f6sningen f\u00f6r att kl\u00e4 alla ytor.<\/p><p>Vi trycker alla typer av artiklar s\u00e5 att ditt varum\u00e4rke \u00e5terspeglas med tydlighet, kreativitet och kvalitet. Fr\u00e5n visitkort till storformatsskyltar f\u00f6r utomhusbruk.<\/p>\t\t\t\t\t\t\t\t<\/div>\n\t\t\t\t<\/div>\n\t\t<div class=\"elementor-element elementor-element-da212b0 e-con-full e-flex e-con e-child\" data-id=\"da212b0\" data-element_type=\"container\">\n\t\t\t\t<div class=\"elementor-element elementor-element-6a526b3 elementor-widget elementor-widget-heading\" data-id=\"6a526b3\" data-element_type=\"widget\" data-widget_type=\"heading.default\">\n\t\t\t\t\t<h2 class=\"elementor-heading-title elementor-size-default\">VINYLER<\/h2>\t\t\t\t<\/div>\n\t\t\t\t<div class=\"elementor-element elementor-element-64b7578 elementor-widget elementor-widget-text-editor\" data-id=\"64b7578\" data-element_type=\"widget\" data-widget_type=\"text-editor.default\">\n\t\t\t\t\t\t\t\t\t<p>Perfekt f\u00f6r branding, dekoration och reklam. Vi erbjuder skuren vinyl, tryckt vinyl, vinyl med syraetsad effekt (frostat glas), mikroperforerad vinyl och mycket mer. F\u00f6r skyltf\u00f6nster, interi\u00f6rer, kontor och glasytor.<\/p>\t\t\t\t\t\t\t\t<\/div>\n\t\t\t\t<\/div>\n\t\t<div class=\"elementor-element elementor-element-1f1cc50 e-con-full e-flex e-con e-child\" data-id=\"1f1cc50\" data-element_type=\"container\">\n\t\t\t\t<div class=\"elementor-element elementor-element-39c07c5 elementor-widget elementor-widget-heading\" data-id=\"39c07c5\" data-element_type=\"widget\" data-widget_type=\"heading.default\">\n\t\t\t\t\t<h2 class=\"elementor-heading-title elementor-size-default\">UNIFORMITET<\/h2>\t\t\t\t<\/div>\n\t\t\t\t<div class=\"elementor-element elementor-element-889ee8b elementor-widget elementor-widget-text-editor\" data-id=\"889ee8b\" data-element_type=\"widget\" data-widget_type=\"text-editor.default\">\n\t\t\t\t\t\t\t\t\t<p>Lyft ditt teams image med personliga uniformer och f\u00f6retagskl\u00e4der. Vi trycker och broderar t-shirts, pik\u00e9tr\u00f6jor, f\u00f6rkl\u00e4den och alla typer av textilier.<\/p><p>Idealisk f\u00f6r daglig anv\u00e4ndning i din verksamhet. H\u00f6gkvalitativa tyger som kombinerar komfort och h\u00e5llbarhet.<\/p>\t\t\t\t\t\t\t\t<\/div>\n\t\t\t\t<\/div>\n\t\t<div class=\"elementor-element elementor-element-df93223 e-con-full e-flex e-con e-child\" data-id=\"df93223\" data-element_type=\"container\">\n\t\t\t\t<div class=\"elementor-element elementor-element-5a1a6d9 elementor-widget elementor-widget-heading\" data-id=\"5a1a6d9\" data-element_type=\"widget\" data-widget_type=\"heading.default\">\n\t\t\t\t\t<h2 class=\"elementor-heading-title elementor-size-default\">Nautisk skyltning och fordonsskyltning<\/h2>\t\t\t\t<\/div>\n\t\t\t\t<div class=\"elementor-element elementor-element-48a7131 elementor-widget elementor-widget-text-editor\" data-id=\"48a7131\" data-element_type=\"widget\" data-widget_type=\"text-editor.default\">\n\t\t\t\t\t\t\t\t\t<p>F\u00f6rvandla ditt fordon till en r\u00f6rlig reklampelare. Vi erbjuder komplett eller partiell skyltning, med l\u00e5ngvariga vinyler, som ocks\u00e5 kan tryckas i h\u00f6g uppl\u00f6sning, perfekt f\u00f6r kommersiella flottor.<\/p>\t\t\t\t\t\t\t\t<\/div>\n\t\t\t\t<\/div>\n\t\t<div class=\"elementor-element elementor-element-6cc9af5 e-con-full e-flex e-con e-child\" data-id=\"6cc9af5\" data-element_type=\"container\">\n\t\t\t\t<div class=\"elementor-element elementor-element-30cdc1b elementor-widget elementor-widget-heading\" data-id=\"30cdc1b\" data-element_type=\"widget\" data-widget_type=\"heading.default\">\n\t\t\t\t\t<h2 class=\"elementor-heading-title elementor-size-default\">SKYLTPYLONER OCH FRIST\u00c5ENDE BOKST\u00c4VER<\/h2>\t\t\t\t<\/div>\n\t\t\t\t<div class=\"elementor-element elementor-element-ebae310 elementor-widget elementor-widget-text-editor\" data-id=\"ebae310\" data-element_type=\"widget\" data-widget_type=\"text-editor.default\">\n\t\t\t\t\t\t\t\t\t<p>Ditt skyltf\u00f6nster \u00e4r ditt f\u00f6rsta intryck. Vi producerar och installerar skr\u00e4ddarsydda skyltar som anpassar sig till ditt varum\u00e4rke och l\u00e4ge; belysta skyltar, frist\u00e5ende bokst\u00e4ver, ljusl\u00e5dor etc. Vi anv\u00e4nder h\u00e5llbara material och h\u00f6gkvalitativa ytbehandlingar som sticker ut.<\/p>\t\t\t\t\t\t\t\t<\/div>\n\t\t\t\t<\/div>\n\t\t<div class=\"elementor-element elementor-element-013bd16 e-con-full e-flex e-con e-child\" data-id=\"013bd16\" data-element_type=\"container\">\n\t\t\t\t<div class=\"elementor-element elementor-element-cbd4ee0 elementor-widget elementor-widget-heading\" data-id=\"cbd4ee0\" data-element_type=\"widget\" data-widget_type=\"heading.default\">\n\t\t\t\t\t<h2 class=\"elementor-heading-title elementor-size-default\">DISPLAYS OCH ROLL UPS<\/h2>\t\t\t\t<\/div>\n\t\t\t\t<div class=\"elementor-element elementor-element-4130c67 elementor-widget elementor-widget-text-editor\" data-id=\"4130c67\" data-element_type=\"widget\" data-widget_type=\"text-editor.default\">\n\t\t\t\t\t\t\t\t\t<p>L\u00e5t ditt varum\u00e4rke tala utan att s\u00e4ga ett ord: v\u00e5ra displays och roll ups vecklar ut f\u00e4rger, lyfter id\u00e9er och f\u00f6rvandlar vilket utrymme som helst till en blickf\u00e5ngare. Ta dem, \u00f6ppna dem&#8230; och l\u00e5t magin g\u00f6ra resten.<\/p>\t\t\t\t\t\t\t\t<\/div>\n\t\t\t\t<\/div>\n\t\t\t\t\t<\/div>\n\t\t\t\t<\/div>\n\t\t<div class=\"elementor-element elementor-element-35c384e e-flex e-con-boxed e-con e-parent\" data-id=\"35c384e\" data-element_type=\"container\">\n\t\t\t\t\t<div class=\"e-con-inner\">\n\t\t<div class=\"elementor-element elementor-element-53e2da1 e-con-full e-flex e-con e-child\" data-id=\"53e2da1\" data-element_type=\"container\">\n\t\t\t\t<div class=\"elementor-element elementor-element-2984ed6 elementor-widget elementor-widget-heading\" data-id=\"2984ed6\" data-element_type=\"widget\" data-widget_type=\"heading.default\">\n\t\t\t\t\t<h2 class=\"elementor-heading-title elementor-size-default\">KONTORSMATERIAL<\/h2>\t\t\t\t<\/div>\n\t\t\t\t<div class=\"elementor-element elementor-element-2e22a3c elementor-widget elementor-widget-text-editor\" data-id=\"2e22a3c\" data-element_type=\"widget\" data-widget_type=\"text-editor.default\">\n\t\t\t\t\t\t\t\t\t<p>Kontorsmaterial \u00e4r en upps\u00e4ttning tryckta grafiska element som representerar ett f\u00f6retags identitet och v\u00e4rderingar. Det anv\u00e4nds f\u00f6r intern och extern kommunikation och f\u00f6rst\u00e4rker varum\u00e4rkesimagen p\u00e5 ett professionellt och konsekvent s\u00e4tt.<\/p>\n<p>Inkluderar artiklar som visitkort, kuvert, brevpapper, mappar och fakturor.<\/p>\t\t\t\t\t\t\t\t<\/div>\n\t\t\t\t<\/div>\n\t\t<div class=\"elementor-element elementor-element-09e6fcd e-con-full e-flex e-con e-child\" data-id=\"09e6fcd\" data-element_type=\"container\">\n\t\t\t\t<div class=\"elementor-element elementor-element-9197bfa elementor-widget elementor-widget-heading\" data-id=\"9197bfa\" data-element_type=\"widget\" data-widget_type=\"heading.default\">\n\t\t\t\t\t<h2 class=\"elementor-heading-title elementor-size-default\">PRESENNINGAR OCH REKLAMARTIKLAR<\/h2>\t\t\t\t<\/div>\n\t\t\t\t<div class=\"elementor-element elementor-element-5a2334b elementor-widget elementor-widget-text-editor\" data-id=\"5a2334b\" data-element_type=\"widget\" data-widget_type=\"text-editor.default\">\n\t\t\t\t\t\t\t\t\t<p>G\u00f6r ditt budskap om\u00f6jligt att ignorera. Vi designar och producerar storformatsskyltar och olika tryckta reklamartiklar p\u00e5 styva material som PVC, aluminium eller skummad kartong. Idealiska f\u00f6r b\u00e5de l\u00e5ngsiktiga reklamkampanjer utomhus och kortsiktiga reklamaktiviteter.<\/p>\t\t\t\t\t\t\t\t<\/div>\n\t\t\t\t<\/div>\n\t\t<div class=\"elementor-element elementor-element-2f8b00e e-con-full e-flex e-con e-child\" data-id=\"2f8b00e\" data-element_type=\"container\">\n\t\t\t\t<div class=\"elementor-element elementor-element-7cf968b elementor-widget elementor-widget-heading\" data-id=\"7cf968b\" data-element_type=\"widget\" data-widget_type=\"heading.default\">\n\t\t\t\t\t<h2 class=\"elementor-heading-title elementor-size-default\">HANTERING AV SOCIALA MEDIER<\/h2>\t\t\t\t<\/div>\n\t\t\t\t<div class=\"elementor-element elementor-element-b6076ba elementor-widget elementor-widget-text-editor\" data-id=\"b6076ba\" data-element_type=\"widget\" data-widget_type=\"text-editor.default\">\n\t\t\t\t\t\t\t\t\t<p>Hantering av sociala medier \u00e4r mycket viktigt p\u00e5 grund av de m\u00f6jligheter som digitala plattformar som sociala medier erbjuder. Eftersom anv\u00e4ndningen \u00e4r gratis och reklamen kan n\u00e5 tusentals m\u00e4nniskor, b\u00e5de inom din stad och runt om i landet.<\/p>\t\t\t\t\t\t\t\t<\/div>\n\t\t\t\t<\/div>\n\t\t\t\t\t<\/div>\n\t\t\t\t<\/div>\n\t\t<div class=\"elementor-element elementor-element-48518dd e-con-full e-flex e-con e-parent\" data-id=\"48518dd\" data-element_type=\"container\">\n\t\t<div class=\"elementor-element elementor-element-517c196 e-con-full e-flex e-con e-child\" data-id=\"517c196\" data-element_type=\"container\">\n\t\t\t\t<div class=\"elementor-element elementor-element-fd5db42 elementor-widget elementor-widget-image\" data-id=\"fd5db42\" data-element_type=\"widget\" data-widget_type=\"image.default\">\n\t\t\t\t\t\t\t\t\t\t\t\t\t\t\t<img fetchpriority=\"high\" decoding=\"async\" width=\"1024\" height=\"1024\" src=\"https:\/\/pixel-spain.com\/wp-content\/uploads\/2026\/03\/WhatsApp-Image-2026-03-27-at-14.57.14.jpeg\" class=\"attachment-full size-full wp-image-1362\" alt=\"\" srcset=\"https:\/\/pixel-spain.com\/wp-content\/uploads\/2026\/03\/WhatsApp-Image-2026-03-27-at-14.57.14.jpeg 1024w, https:\/\/pixel-spain.com\/wp-content\/uploads\/2026\/03\/WhatsApp-Image-2026-03-27-at-14.57.14-300x300.jpeg 300w, https:\/\/pixel-spain.com\/wp-content\/uploads\/2026\/03\/WhatsApp-Image-2026-03-27-at-14.57.14-150x150.jpeg 150w, https:\/\/pixel-spain.com\/wp-content\/uploads\/2026\/03\/WhatsApp-Image-2026-03-27-at-14.57.14-768x768.jpeg 768w\" sizes=\"(max-width: 1024px) 100vw, 1024px\" \/>\t\t\t\t\t\t\t\t\t\t\t\t\t\t\t<\/div>\n\t\t\t\t<\/div>\n\t\t<div class=\"elementor-element elementor-element-15a9c9e e-con-full e-flex e-con e-child\" data-id=\"15a9c9e\" data-element_type=\"container\">\n\t\t\t\t<\/div>\n\t\t\t\t<\/div>\n\t\t\t\t<\/div>\n\t\t","protected":false},"excerpt":{"rendered":"<p>TRYCK Den perfekta l\u00f6sningen f\u00f6r att kl\u00e4 alla ytor. Vi trycker alla typer av artiklar s\u00e5 att ditt varum\u00e4rke \u00e5terspeglas med tydlighet, kreativitet och kvalitet. Fr\u00e5n visitkort till storformatsskyltar f\u00f6r utomhusbruk. VINYLER Perfekt f\u00f6r branding, dekoration och reklam. Vi erbjuder skuren vinyl, tryckt vinyl, vinyl med syraetsad effekt (frostat glas), mikroperforerad vinyl och mycket mer. [&hellip;]<\/p>\n","protected":false},"author":2,"featured_media":0,"parent":0,"menu_order":0,"comment_status":"closed","ping_status":"closed","template":"","meta":{"footnotes":""},"class_list":["post-1134","page","type-page","status-publish","hentry"],"_links":{"self":[{"href":"https:\/\/pixel-spain.com\/sv\/wp-json\/wp\/v2\/pages\/1134","targetHints":{"allow":["GET"]}}],"collection":[{"href":"https:\/\/pixel-spain.com\/sv\/wp-json\/wp\/v2\/pages"}],"about":[{"href":"https:\/\/pixel-spain.com\/sv\/wp-json\/wp\/v2\/types\/page"}],"author":[{"embeddable":true,"href":"https:\/\/pixel-spain.com\/sv\/wp-json\/wp\/v2\/users\/2"}],"replies":[{"embeddable":true,"href":"https:\/\/pixel-spain.com\/sv\/wp-json\/wp\/v2\/comments?post=1134"}],"version-history":[{"count":2,"href":"https:\/\/pixel-spain.com\/sv\/wp-json\/wp\/v2\/pages\/1134\/revisions"}],"predecessor-version":[{"id":1363,"href":"https:\/\/pixel-spain.com\/sv\/wp-json\/wp\/v2\/pages\/1134\/revisions\/1363"}],"wp:attachment":[{"href":"https:\/\/pixel-spain.com\/sv\/wp-json\/wp\/v2\/media?parent=1134"}],"curies":[{"name":"wp","href":"https:\/\/api.w.org\/{rel}","templated":true}]}}