{"id":1115,"date":"2025-12-04T12:49:03","date_gmt":"2025-12-04T12:49:03","guid":{"rendered":"https:\/\/pixel-spain.com\/om\/"},"modified":"2026-01-28T11:49:27","modified_gmt":"2026-01-28T11:49:27","slug":"om","status":"publish","type":"page","link":"https:\/\/pixel-spain.com\/sv\/om\/","title":{"rendered":"Om"},"content":{"rendered":"\t\t<div data-elementor-type=\"wp-page\" data-elementor-id=\"1115\" class=\"elementor elementor-1115 elementor-48\" data-elementor-post-type=\"page\">\n\t\t\t\t<div class=\"elementor-element elementor-element-ae508d9 e-con-full e-flex e-con e-parent\" data-id=\"ae508d9\" data-element_type=\"container\" data-settings=\"{&quot;background_background&quot;:&quot;classic&quot;}\">\n\t\t\t\t<\/div>\n\t\t<div class=\"elementor-element elementor-element-e62f6a4 e-flex e-con-boxed e-con e-parent\" data-id=\"e62f6a4\" data-element_type=\"container\">\n\t\t\t\t\t<div class=\"e-con-inner\">\n\t\t\t\t<div class=\"elementor-element elementor-element-c98bafc elementor-widget elementor-widget-heading\" data-id=\"c98bafc\" data-element_type=\"widget\" data-widget_type=\"heading.default\">\n\t\t\t\t\t<h2 class=\"elementor-heading-title elementor-size-default\">VILKA \u00c4R VI?<\/h2>\t\t\t\t<\/div>\n\t\t\t\t\t<\/div>\n\t\t\t\t<\/div>\n\t\t<div class=\"elementor-element elementor-element-42502dc e-flex e-con-boxed e-con e-parent\" data-id=\"42502dc\" data-element_type=\"container\">\n\t\t\t\t\t<div class=\"e-con-inner\">\n\t\t\t\t<div class=\"elementor-element elementor-element-148781f elementor-widget elementor-widget-text-editor\" data-id=\"148781f\" data-element_type=\"widget\" data-widget_type=\"text-editor.default\">\n\t\t\t\t\t\t\t\t\t<p>Pixel \u00e4r ett f\u00f6retag specialiserat p\u00e5 att omvandla bilder som skapar kontakt. <span style=\"font-size: 1rem;\">Vi erbjuder kompletta visuella l\u00f6sningar: fr\u00e5n grafisk design till implementering av fysiska och digitala medier, med syfte att st\u00e4rka v\u00e5ra kunders varum\u00e4rkesidentitet och kommunicera p\u00e5 ett tydligt, estetiskt och effektivt s\u00e4tt.<\/span><\/p>\t\t\t\t\t\t\t\t<\/div>\n\t\t\t\t\t<\/div>\n\t\t\t\t<\/div>\n\t\t<div class=\"elementor-element elementor-element-e104ccc e-flex e-con-boxed e-con e-parent\" data-id=\"e104ccc\" data-element_type=\"container\">\n\t\t\t\t\t<div class=\"e-con-inner\">\n\t\t\t\t<div class=\"elementor-element elementor-element-6b732e9 elementor-widget elementor-widget-heading\" data-id=\"6b732e9\" data-element_type=\"widget\" data-widget_type=\"heading.default\">\n\t\t\t\t\t<h2 class=\"elementor-heading-title elementor-size-default\">V\u00c5RA V\u00c4RDERINGAR<\/h2>\t\t\t\t<\/div>\n\t\t\t\t\t<\/div>\n\t\t\t\t<\/div>\n\t\t<div class=\"elementor-element elementor-element-f6beb49 e-flex e-con-boxed e-con e-parent\" data-id=\"f6beb49\" data-element_type=\"container\">\n\t\t\t\t\t<div class=\"e-con-inner\">\n\t\t\t\t<div class=\"elementor-element elementor-element-37fbdd1 elementor-widget elementor-widget-text-editor\" data-id=\"37fbdd1\" data-element_type=\"widget\" data-widget_type=\"text-editor.default\">\n\t\t\t\t\t\t\t\t\t<p><strong>Kreativitet:<\/strong> Vi s\u00f6ker originella id\u00e9er och visuella l\u00f6sningar som sticker ut.<\/p><p><strong>Professionalism:<\/strong> Vi uppr\u00e4tth\u00e5ller h\u00f6ga standarder i varje projekt, fr\u00e5n f\u00f6rsta skiss till slutleverans.<\/p><p><strong>Samarbete:<\/strong> Vi arbetar n\u00e4ra v\u00e5ra kunder; vi f\u00f6rst\u00e5r deras behov, lyssnar p\u00e5 deras bidrag och bygger tillsammans.<\/p><p><strong>Engagemang f\u00f6r resultat:<\/strong> Vi bryr oss lika mycket om processen som slutprodukten; vi garanterar kvalitet, att tidsfrister h\u00e5lls och n\u00f6jdhet.<\/p><p><strong>Innovation:<\/strong> Vi h\u00e5ller oss uppdaterade med trender, verktyg och tekniker f\u00f6r att erbjuda aktuella och effektiva f\u00f6rslag.<\/p>\t\t\t\t\t\t\t\t<\/div>\n\t\t\t\t\t<\/div>\n\t\t\t\t<\/div>\n\t\t<div class=\"elementor-element elementor-element-bbf7f43 e-flex e-con-boxed e-con e-parent\" data-id=\"bbf7f43\" data-element_type=\"container\">\n\t\t\t\t\t<div class=\"e-con-inner\">\n\t\t\t\t<div class=\"elementor-element elementor-element-2d21a04 elementor-widget elementor-widget-heading\" data-id=\"2d21a04\" data-element_type=\"widget\" data-widget_type=\"heading.default\">\n\t\t\t\t\t<h2 class=\"elementor-heading-title elementor-size-default\">V\u00c5R MISSION<\/h2>\t\t\t\t<\/div>\n\t\t\t\t\t<\/div>\n\t\t\t\t<\/div>\n\t\t<div class=\"elementor-element elementor-element-2f81175 e-flex e-con-boxed e-con e-parent\" data-id=\"2f81175\" data-element_type=\"container\">\n\t\t\t\t\t<div class=\"e-con-inner\">\n\t\t\t\t<div class=\"elementor-element elementor-element-dde8406 elementor-widget elementor-widget-text-editor\" data-id=\"dde8406\" data-element_type=\"widget\" data-widget_type=\"text-editor.default\">\n\t\t\t\t\t\t\t\t\t<p>Att skapa visuella verk som ber\u00e4ttar historier som f\u00e5ngar uppm\u00e4rksamhet och kommunicerar v\u00e4rderingar.<\/p><p>Vi hj\u00e4lper f\u00f6retag, entrepren\u00f6rer och organisationer att f\u00f6rmedla sitt budskap med konsekvens och stil genom design som \u00e4r avsedd att skapa effekt<\/p>\t\t\t\t\t\t\t\t<\/div>\n\t\t\t\t\t<\/div>\n\t\t\t\t<\/div>\n\t\t<div class=\"elementor-element elementor-element-ebe8960 e-flex e-con-boxed e-con e-parent\" data-id=\"ebe8960\" data-element_type=\"container\">\n\t\t\t\t\t<div class=\"e-con-inner\">\n\t\t\t\t<div class=\"elementor-element elementor-element-ddd6576 elementor-widget elementor-widget-heading\" data-id=\"ddd6576\" data-element_type=\"widget\" data-widget_type=\"heading.default\">\n\t\t\t\t\t<h2 class=\"elementor-heading-title elementor-size-default\">V\u00c5R VISION<\/h2>\t\t\t\t<\/div>\n\t\t\t\t\t<\/div>\n\t\t\t\t<\/div>\n\t\t<div class=\"elementor-element elementor-element-8794c45 e-flex e-con-boxed e-con e-parent\" data-id=\"8794c45\" data-element_type=\"container\">\n\t\t\t\t\t<div class=\"e-con-inner\">\n\t\t\t\t<div class=\"elementor-element elementor-element-cb46b38 elementor-widget elementor-widget-text-editor\" data-id=\"cb46b38\" data-element_type=\"widget\" data-widget_type=\"text-editor.default\">\n\t\t\t\t\t\t\t\t\t<p>Att bli erk\u00e4nda som referenser inom visuell kommunikation, kreativ innovation och engagemang f\u00f6r kvalitet. Vi str\u00e4var efter att ut\u00f6ka v\u00e5r r\u00e4ckvidd, samtidigt som vi alltid beh\u00e5ller den konstn\u00e4rliga pr\u00e4geln, den personliga servicen och respekten f\u00f6r detaljer<\/p>\t\t\t\t\t\t\t\t<\/div>\n\t\t\t\t\t<\/div>\n\t\t\t\t<\/div>\n\t\t\t\t<\/div>\n\t\t","protected":false},"excerpt":{"rendered":"<p>VILKA \u00c4R VI? Pixel \u00e4r ett f\u00f6retag specialiserat p\u00e5 att omvandla bilder som skapar kontakt. Vi erbjuder kompletta visuella l\u00f6sningar: fr\u00e5n grafisk design till implementering av fysiska och digitala medier, med syfte att st\u00e4rka v\u00e5ra kunders varum\u00e4rkesidentitet och kommunicera p\u00e5 ett tydligt, estetiskt och effektivt s\u00e4tt. V\u00c5RA V\u00c4RDERINGAR Kreativitet: Vi s\u00f6ker originella id\u00e9er och visuella [&hellip;]<\/p>\n","protected":false},"author":2,"featured_media":0,"parent":0,"menu_order":0,"comment_status":"closed","ping_status":"closed","template":"","meta":{"footnotes":""},"class_list":["post-1115","page","type-page","status-publish","hentry"],"_links":{"self":[{"href":"https:\/\/pixel-spain.com\/sv\/wp-json\/wp\/v2\/pages\/1115","targetHints":{"allow":["GET"]}}],"collection":[{"href":"https:\/\/pixel-spain.com\/sv\/wp-json\/wp\/v2\/pages"}],"about":[{"href":"https:\/\/pixel-spain.com\/sv\/wp-json\/wp\/v2\/types\/page"}],"author":[{"embeddable":true,"href":"https:\/\/pixel-spain.com\/sv\/wp-json\/wp\/v2\/users\/2"}],"replies":[{"embeddable":true,"href":"https:\/\/pixel-spain.com\/sv\/wp-json\/wp\/v2\/comments?post=1115"}],"version-history":[{"count":1,"href":"https:\/\/pixel-spain.com\/sv\/wp-json\/wp\/v2\/pages\/1115\/revisions"}],"predecessor-version":[{"id":1119,"href":"https:\/\/pixel-spain.com\/sv\/wp-json\/wp\/v2\/pages\/1115\/revisions\/1119"}],"wp:attachment":[{"href":"https:\/\/pixel-spain.com\/sv\/wp-json\/wp\/v2\/media?parent=1115"}],"curies":[{"name":"wp","href":"https:\/\/api.w.org\/{rel}","templated":true}]}}