{"id":1214,"date":"2025-12-04T12:48:08","date_gmt":"2025-12-04T12:48:08","guid":{"rendered":"https:\/\/pixel-spain.com\/dienstleistungen\/"},"modified":"2026-03-27T13:59:52","modified_gmt":"2026-03-27T13:59:52","slug":"dienstleistungen","status":"publish","type":"page","link":"https:\/\/pixel-spain.com\/de\/dienstleistungen\/","title":{"rendered":"Dienstleistungen"},"content":{"rendered":"\t\t<div data-elementor-type=\"wp-page\" data-elementor-id=\"1214\" class=\"elementor elementor-1214 elementor-44\" data-elementor-post-type=\"page\">\n\t\t\t\t<div class=\"elementor-element elementor-element-1fb137f e-flex e-con-boxed e-con e-parent\" data-id=\"1fb137f\" data-element_type=\"container\">\n\t\t\t\t\t<div class=\"e-con-inner\">\n\t\t<div class=\"elementor-element elementor-element-4649121 e-con-full e-flex e-con e-child\" data-id=\"4649121\" data-element_type=\"container\">\n\t\t\t\t<div class=\"elementor-element elementor-element-28be81f elementor-widget elementor-widget-heading\" data-id=\"28be81f\" data-element_type=\"widget\" data-widget_type=\"heading.default\">\n\t\t\t\t\t<h2 class=\"elementor-heading-title elementor-size-default\">DRUCK<\/h2>\t\t\t\t<\/div>\n\t\t\t\t<div class=\"elementor-element elementor-element-a8ae518 elementor-widget elementor-widget-text-editor\" data-id=\"a8ae518\" data-element_type=\"widget\" data-widget_type=\"text-editor.default\">\n\t\t\t\t\t\t\t\t\t<p>Die perfekte L\u00f6sung f\u00fcr die Verkleidung jeder Oberfl\u00e4che.<\/p><p>Wir bedrucken alle Arten von Artikeln, damit Ihre Marke klar, kreativ und hochwertig widergespiegelt wird. Von Visitenkarten bis hin zu gro\u00dfformatigen Au\u00dfenwerbeschildern. <\/p>\t\t\t\t\t\t\t\t<\/div>\n\t\t\t\t<\/div>\n\t\t<div class=\"elementor-element elementor-element-da212b0 e-con-full e-flex e-con e-child\" data-id=\"da212b0\" data-element_type=\"container\">\n\t\t\t\t<div class=\"elementor-element elementor-element-6a526b3 elementor-widget elementor-widget-heading\" data-id=\"6a526b3\" data-element_type=\"widget\" data-widget_type=\"heading.default\">\n\t\t\t\t\t<h2 class=\"elementor-heading-title elementor-size-default\">VINYLE<\/h2>\t\t\t\t<\/div>\n\t\t\t\t<div class=\"elementor-element elementor-element-64b7578 elementor-widget elementor-widget-text-editor\" data-id=\"64b7578\" data-element_type=\"widget\" data-widget_type=\"text-editor.default\">\n\t\t\t\t\t\t\t\t\t<p>Perfekt f\u00fcr Branding, Dekoration und Werbung. Wir bieten Schneideplotfolien, bedruckte Folien, \u00c4tzglasfolien (Milchglaseffekt), mikroperforierte Folien und vieles mehr. F\u00fcr Schaufenster, Innenr\u00e4ume, B\u00fcros und Glasfl\u00e4chen.  <\/p>\t\t\t\t\t\t\t\t<\/div>\n\t\t\t\t<\/div>\n\t\t<div class=\"elementor-element elementor-element-1f1cc50 e-con-full e-flex e-con e-child\" data-id=\"1f1cc50\" data-element_type=\"container\">\n\t\t\t\t<div class=\"elementor-element elementor-element-39c07c5 elementor-widget elementor-widget-heading\" data-id=\"39c07c5\" data-element_type=\"widget\" data-widget_type=\"heading.default\">\n\t\t\t\t\t<h2 class=\"elementor-heading-title elementor-size-default\">EINHEITLICHKEIT<\/h2>\t\t\t\t<\/div>\n\t\t\t\t<div class=\"elementor-element elementor-element-889ee8b elementor-widget elementor-widget-text-editor\" data-id=\"889ee8b\" data-element_type=\"widget\" data-widget_type=\"text-editor.default\">\n\t\t\t\t\t\t\t\t\t<p>Steigern Sie das Image Ihres Teams mit personalisierten Uniformen und Firmenkleidung. Wir bedrucken und besticken T-Shirts, Poloshirts, Sch\u00fcrzen und alle Textilartikel. <\/p><p>Ideal f\u00fcr den t\u00e4glichen Gebrauch in Ihrem Unternehmen. Hochwertige Stoffe, die Komfort und Haltbarkeit vereinen. <\/p>\t\t\t\t\t\t\t\t<\/div>\n\t\t\t\t<\/div>\n\t\t<div class=\"elementor-element elementor-element-df93223 e-con-full e-flex e-con e-child\" data-id=\"df93223\" data-element_type=\"container\">\n\t\t\t\t<div class=\"elementor-element elementor-element-5a1a6d9 elementor-widget elementor-widget-heading\" data-id=\"5a1a6d9\" data-element_type=\"widget\" data-widget_type=\"heading.default\">\n\t\t\t\t\t<h2 class=\"elementor-heading-title elementor-size-default\">Nautische Beschriftung und Fahrzeugbeschriftung<\/h2>\t\t\t\t<\/div>\n\t\t\t\t<div class=\"elementor-element elementor-element-48a7131 elementor-widget elementor-widget-text-editor\" data-id=\"48a7131\" data-element_type=\"widget\" data-widget_type=\"text-editor.default\">\n\t\t\t\t\t\t\t\t\t<p>Verwandeln Sie Ihr Fahrzeug in eine mobile Werbetafel. Wir bieten Voll- oder Teilbeschriftungen mit langlebigen Folien, die auch in hoher Aufl\u00f6sung bedruckt werden k\u00f6nnen, ideal f\u00fcr gewerbliche Flotten. <\/p>\t\t\t\t\t\t\t\t<\/div>\n\t\t\t\t<\/div>\n\t\t<div class=\"elementor-element elementor-element-6cc9af5 e-con-full e-flex e-con e-child\" data-id=\"6cc9af5\" data-element_type=\"container\">\n\t\t\t\t<div class=\"elementor-element elementor-element-30cdc1b elementor-widget elementor-widget-heading\" data-id=\"30cdc1b\" data-element_type=\"widget\" data-widget_type=\"heading.default\">\n\t\t\t\t\t<h2 class=\"elementor-heading-title elementor-size-default\">SCHILDER UND K\u00d6RPERSCHRIFTEN<\/h2>\t\t\t\t<\/div>\n\t\t\t\t<div class=\"elementor-element elementor-element-ebae310 elementor-widget elementor-widget-text-editor\" data-id=\"ebae310\" data-element_type=\"widget\" data-widget_type=\"text-editor.default\">\n\t\t\t\t\t\t\t\t\t<p>Ihr Schaufenster ist Ihr erster Eindruck. Wir produzieren und installieren ma\u00dfgeschneiderte Schilder, die sich an Ihre Marke und Ihren Standort anpassen; Leuchtschilder, Profilbuchstaben, Leuchtk\u00e4sten usw. Wir verwenden langlebige Materialien und hochwertige Oberfl\u00e4chen, die auffallen.  <\/p>\t\t\t\t\t\t\t\t<\/div>\n\t\t\t\t<\/div>\n\t\t<div class=\"elementor-element elementor-element-013bd16 e-con-full e-flex e-con e-child\" data-id=\"013bd16\" data-element_type=\"container\">\n\t\t\t\t<div class=\"elementor-element elementor-element-cbd4ee0 elementor-widget elementor-widget-heading\" data-id=\"cbd4ee0\" data-element_type=\"widget\" data-widget_type=\"heading.default\">\n\t\t\t\t\t<h2 class=\"elementor-heading-title elementor-size-default\">DISPLAYS UND ROLL-UPS<\/h2>\t\t\t\t<\/div>\n\t\t\t\t<div class=\"elementor-element elementor-element-4130c67 elementor-widget elementor-widget-text-editor\" data-id=\"4130c67\" data-element_type=\"widget\" data-widget_type=\"text-editor.default\">\n\t\t\t\t\t\t\t\t\t<p>Lassen Sie Ihre Marke sprechen, ohne ein Wort zu sagen: Unsere Displays und Roll-ups entfalten Farben, erheben Ideen und verwandeln jeden Raum in einen Blickfang. Nehmen Sie sie mit, \u00f6ffnen Sie sie&#8230; und lassen Sie die Magie den Rest erledigen. <\/p>\t\t\t\t\t\t\t\t<\/div>\n\t\t\t\t<\/div>\n\t\t\t\t\t<\/div>\n\t\t\t\t<\/div>\n\t\t<div class=\"elementor-element elementor-element-35c384e e-flex e-con-boxed e-con e-parent\" data-id=\"35c384e\" data-element_type=\"container\">\n\t\t\t\t\t<div class=\"e-con-inner\">\n\t\t<div class=\"elementor-element elementor-element-53e2da1 e-con-full e-flex e-con e-child\" data-id=\"53e2da1\" data-element_type=\"container\">\n\t\t\t\t<div class=\"elementor-element elementor-element-2984ed6 elementor-widget elementor-widget-heading\" data-id=\"2984ed6\" data-element_type=\"widget\" data-widget_type=\"heading.default\">\n\t\t\t\t\t<h2 class=\"elementor-heading-title elementor-size-default\">GESCH\u00c4FTSPAPIER<\/h2>\t\t\t\t<\/div>\n\t\t\t\t<div class=\"elementor-element elementor-element-2e22a3c elementor-widget elementor-widget-text-editor\" data-id=\"2e22a3c\" data-element_type=\"widget\" data-widget_type=\"text-editor.default\">\n\t\t\t\t\t\t\t\t\t<p>Das Gesch\u00e4ftspapier ist eine Sammlung von gedruckten grafischen Elementen, die die Identit\u00e4t und die Werte eines Unternehmens repr\u00e4sentieren. Es dient der internen und externen Kommunikation und st\u00e4rkt das Markenimage auf professionelle und koh\u00e4rente Weise. <\/p>\n<p>Es umfasst Artikel wie Visitenkarten, Briefumschl\u00e4ge, Briefpapier, Ordner und Rechnungen.<\/p>\t\t\t\t\t\t\t\t<\/div>\n\t\t\t\t<\/div>\n\t\t<div class=\"elementor-element elementor-element-09e6fcd e-con-full e-flex e-con e-child\" data-id=\"09e6fcd\" data-element_type=\"container\">\n\t\t\t\t<div class=\"elementor-element elementor-element-9197bfa elementor-widget elementor-widget-heading\" data-id=\"9197bfa\" data-element_type=\"widget\" data-widget_type=\"heading.default\">\n\t\t\t\t\t<h2 class=\"elementor-heading-title elementor-size-default\">PLANEN UND WERBEELEMENTE<\/h2>\t\t\t\t<\/div>\n\t\t\t\t<div class=\"elementor-element elementor-element-5a2334b elementor-widget elementor-widget-text-editor\" data-id=\"5a2334b\" data-element_type=\"widget\" data-widget_type=\"text-editor.default\">\n\t\t\t\t\t\t\t\t\t<p>Sorgen Sie daf\u00fcr, dass Ihre Botschaft un\u00fcbersehbar ist. Wir entwerfen und produzieren gro\u00dfformatige Plakate und verschiedene Werbemittel, die auf starren Tr\u00e4gern wie PVC, Aluminium oder Schaumstoffkarton gedruckt werden. Ideal sowohl f\u00fcr langfristige Werbekampagnen im Au\u00dfenbereich als auch f\u00fcr kurzfristige Werbeaktionen.  <\/p>\t\t\t\t\t\t\t\t<\/div>\n\t\t\t\t<\/div>\n\t\t<div class=\"elementor-element elementor-element-2f8b00e e-con-full e-flex e-con e-child\" data-id=\"2f8b00e\" data-element_type=\"container\">\n\t\t\t\t<div class=\"elementor-element elementor-element-7cf968b elementor-widget elementor-widget-heading\" data-id=\"7cf968b\" data-element_type=\"widget\" data-widget_type=\"heading.default\">\n\t\t\t\t\t<h2 class=\"elementor-heading-title elementor-size-default\">VERWALTUNG SOZIALER NETZWERKE<\/h2>\t\t\t\t<\/div>\n\t\t\t\t<div class=\"elementor-element elementor-element-b6076ba elementor-widget elementor-widget-text-editor\" data-id=\"b6076ba\" data-element_type=\"widget\" data-widget_type=\"text-editor.default\">\n\t\t\t\t\t\t\t\t\t<p>Das Management sozialer Netzwerke ist sehr wichtig, da digitale Plattformen wie soziale Netzwerke viele M\u00f6glichkeiten bieten. Da ihre Nutzung kostenlos ist und die Werbung Tausende von Menschen erreichen kann, sowohl innerhalb Ihrer Stadt als auch im ganzen Land. <\/p>\t\t\t\t\t\t\t\t<\/div>\n\t\t\t\t<\/div>\n\t\t\t\t\t<\/div>\n\t\t\t\t<\/div>\n\t\t<div class=\"elementor-element elementor-element-48518dd e-con-full e-flex e-con e-parent\" data-id=\"48518dd\" data-element_type=\"container\">\n\t\t<div class=\"elementor-element elementor-element-517c196 e-con-full e-flex e-con e-child\" data-id=\"517c196\" data-element_type=\"container\">\n\t\t\t\t<div class=\"elementor-element elementor-element-fd5db42 elementor-widget elementor-widget-image\" data-id=\"fd5db42\" data-element_type=\"widget\" data-widget_type=\"image.default\">\n\t\t\t\t\t\t\t\t\t\t\t\t\t\t\t<img fetchpriority=\"high\" decoding=\"async\" width=\"1024\" height=\"1024\" src=\"https:\/\/pixel-spain.com\/wp-content\/uploads\/2026\/03\/WhatsApp-Image-2026-03-27-at-14.57.14.jpeg\" class=\"attachment-full size-full wp-image-1356\" alt=\"\" srcset=\"https:\/\/pixel-spain.com\/wp-content\/uploads\/2026\/03\/WhatsApp-Image-2026-03-27-at-14.57.14.jpeg 1024w, https:\/\/pixel-spain.com\/wp-content\/uploads\/2026\/03\/WhatsApp-Image-2026-03-27-at-14.57.14-300x300.jpeg 300w, https:\/\/pixel-spain.com\/wp-content\/uploads\/2026\/03\/WhatsApp-Image-2026-03-27-at-14.57.14-150x150.jpeg 150w, https:\/\/pixel-spain.com\/wp-content\/uploads\/2026\/03\/WhatsApp-Image-2026-03-27-at-14.57.14-768x768.jpeg 768w\" sizes=\"(max-width: 1024px) 100vw, 1024px\" \/>\t\t\t\t\t\t\t\t\t\t\t\t\t\t\t<\/div>\n\t\t\t\t<\/div>\n\t\t<div class=\"elementor-element elementor-element-15a9c9e e-con-full e-flex e-con e-child\" data-id=\"15a9c9e\" data-element_type=\"container\">\n\t\t\t\t<\/div>\n\t\t\t\t<\/div>\n\t\t\t\t<\/div>\n\t\t","protected":false},"excerpt":{"rendered":"<p>DRUCK Die perfekte L\u00f6sung f\u00fcr die Verkleidung jeder Oberfl\u00e4che. Wir bedrucken alle Arten von Artikeln, damit Ihre Marke klar, kreativ und hochwertig widergespiegelt wird. Von Visitenkarten bis hin zu gro\u00dfformatigen Au\u00dfenwerbeschildern. VINYLE Perfekt f\u00fcr Branding, Dekoration und Werbung. Wir bieten Schneideplotfolien, bedruckte Folien, \u00c4tzglasfolien (Milchglaseffekt), mikroperforierte Folien und vieles mehr. F\u00fcr Schaufenster, Innenr\u00e4ume, B\u00fcros und [&hellip;]<\/p>\n","protected":false},"author":2,"featured_media":0,"parent":0,"menu_order":0,"comment_status":"closed","ping_status":"closed","template":"","meta":{"footnotes":""},"class_list":["post-1214","page","type-page","status-publish","hentry"],"_links":{"self":[{"href":"https:\/\/pixel-spain.com\/de\/wp-json\/wp\/v2\/pages\/1214","targetHints":{"allow":["GET"]}}],"collection":[{"href":"https:\/\/pixel-spain.com\/de\/wp-json\/wp\/v2\/pages"}],"about":[{"href":"https:\/\/pixel-spain.com\/de\/wp-json\/wp\/v2\/types\/page"}],"author":[{"embeddable":true,"href":"https:\/\/pixel-spain.com\/de\/wp-json\/wp\/v2\/users\/2"}],"replies":[{"embeddable":true,"href":"https:\/\/pixel-spain.com\/de\/wp-json\/wp\/v2\/comments?post=1214"}],"version-history":[{"count":2,"href":"https:\/\/pixel-spain.com\/de\/wp-json\/wp\/v2\/pages\/1214\/revisions"}],"predecessor-version":[{"id":1357,"href":"https:\/\/pixel-spain.com\/de\/wp-json\/wp\/v2\/pages\/1214\/revisions\/1357"}],"wp:attachment":[{"href":"https:\/\/pixel-spain.com\/de\/wp-json\/wp\/v2\/media?parent=1214"}],"curies":[{"name":"wp","href":"https:\/\/api.w.org\/{rel}","templated":true}]}}