{"id":1124,"date":"2025-12-04T12:49:03","date_gmt":"2025-12-04T12:49:03","guid":{"rendered":"https:\/\/pixel-spain.com\/ueber-uns\/"},"modified":"2026-01-28T11:50:59","modified_gmt":"2026-01-28T11:50:59","slug":"ueber-uns","status":"publish","type":"page","link":"https:\/\/pixel-spain.com\/de\/ueber-uns\/","title":{"rendered":"\u00dcber uns"},"content":{"rendered":"\t\t<div data-elementor-type=\"wp-page\" data-elementor-id=\"1124\" class=\"elementor elementor-1124 elementor-48\" data-elementor-post-type=\"page\">\n\t\t\t\t<div class=\"elementor-element elementor-element-ae508d9 e-con-full e-flex e-con e-parent\" data-id=\"ae508d9\" data-element_type=\"container\" data-settings=\"{&quot;background_background&quot;:&quot;classic&quot;}\">\n\t\t\t\t<\/div>\n\t\t<div class=\"elementor-element elementor-element-e62f6a4 e-flex e-con-boxed e-con e-parent\" data-id=\"e62f6a4\" data-element_type=\"container\">\n\t\t\t\t\t<div class=\"e-con-inner\">\n\t\t\t\t<div class=\"elementor-element elementor-element-c98bafc elementor-widget elementor-widget-heading\" data-id=\"c98bafc\" data-element_type=\"widget\" data-widget_type=\"heading.default\">\n\t\t\t\t\t<h2 class=\"elementor-heading-title elementor-size-default\">WER WIR SIND?<\/h2>\t\t\t\t<\/div>\n\t\t\t\t\t<\/div>\n\t\t\t\t<\/div>\n\t\t<div class=\"elementor-element elementor-element-42502dc e-flex e-con-boxed e-con e-parent\" data-id=\"42502dc\" data-element_type=\"container\">\n\t\t\t\t\t<div class=\"e-con-inner\">\n\t\t\t\t<div class=\"elementor-element elementor-element-148781f elementor-widget elementor-widget-text-editor\" data-id=\"148781f\" data-element_type=\"widget\" data-widget_type=\"text-editor.default\">\n\t\t\t\t\t\t\t\t\t<p>Pixel ist ein Unternehmen, das sich auf die Transformation von Bildern spezialisiert hat, die verbinden. <span style=\"font-size: 1rem;\">Wir bieten umfassende visuelle L\u00f6sungen an: vom Grafikdesign bis zur Implementierung physischer und digitaler Medien, um die Markenidentit\u00e4t unserer Kunden zu st\u00e4rken und klar, \u00e4sthetisch und effektiv zu kommunizieren.<\/span><\/p>\t\t\t\t\t\t\t\t<\/div>\n\t\t\t\t\t<\/div>\n\t\t\t\t<\/div>\n\t\t<div class=\"elementor-element elementor-element-e104ccc e-flex e-con-boxed e-con e-parent\" data-id=\"e104ccc\" data-element_type=\"container\">\n\t\t\t\t\t<div class=\"e-con-inner\">\n\t\t\t\t<div class=\"elementor-element elementor-element-6b732e9 elementor-widget elementor-widget-heading\" data-id=\"6b732e9\" data-element_type=\"widget\" data-widget_type=\"heading.default\">\n\t\t\t\t\t<h2 class=\"elementor-heading-title elementor-size-default\">UNSERE WERTE<\/h2>\t\t\t\t<\/div>\n\t\t\t\t\t<\/div>\n\t\t\t\t<\/div>\n\t\t<div class=\"elementor-element elementor-element-f6beb49 e-flex e-con-boxed e-con e-parent\" data-id=\"f6beb49\" data-element_type=\"container\">\n\t\t\t\t\t<div class=\"e-con-inner\">\n\t\t\t\t<div class=\"elementor-element elementor-element-37fbdd1 elementor-widget elementor-widget-text-editor\" data-id=\"37fbdd1\" data-element_type=\"widget\" data-widget_type=\"text-editor.default\">\n\t\t\t\t\t\t\t\t\t<p><strong>Kreativit\u00e4t:<\/strong> Wir suchen nach originellen Ideen und visuellen L\u00f6sungen, die hervorstechen.<\/p><p><strong>Professionalit\u00e4t:<\/strong> Wir halten hohe Standards in jedem Projekt ein, vom ersten Entwurf bis zur endg\u00fcltigen Lieferung.<\/p><p><strong>Zusammenarbeit:<\/strong> Wir arbeiten Hand in Hand mit unseren Kunden; wir verstehen ihre Bed\u00fcrfnisse, h\u00f6ren auf ihre Beitr\u00e4ge und bauen gemeinsam auf.<\/p><p><strong>Engagement f\u00fcr das Ergebnis:<\/strong> Uns ist sowohl der Prozess als auch das Endprodukt wichtig; wir garantieren Qualit\u00e4t, Einhaltung von Fristen und Zufriedenheit.<\/p><p><strong>Innovation:<\/strong> Wir bleiben auf dem Laufenden \u00fcber die neuesten Trends, Werkzeuge und Technologien, um aktuelle und effektive Vorschl\u00e4ge anzubieten.<\/p>\t\t\t\t\t\t\t\t<\/div>\n\t\t\t\t\t<\/div>\n\t\t\t\t<\/div>\n\t\t<div class=\"elementor-element elementor-element-bbf7f43 e-flex e-con-boxed e-con e-parent\" data-id=\"bbf7f43\" data-element_type=\"container\">\n\t\t\t\t\t<div class=\"e-con-inner\">\n\t\t\t\t<div class=\"elementor-element elementor-element-2d21a04 elementor-widget elementor-widget-heading\" data-id=\"2d21a04\" data-element_type=\"widget\" data-widget_type=\"heading.default\">\n\t\t\t\t\t<h2 class=\"elementor-heading-title elementor-size-default\">UNSERE MISSION<\/h2>\t\t\t\t<\/div>\n\t\t\t\t\t<\/div>\n\t\t\t\t<\/div>\n\t\t<div class=\"elementor-element elementor-element-2f81175 e-flex e-con-boxed e-con e-parent\" data-id=\"2f81175\" data-element_type=\"container\">\n\t\t\t\t\t<div class=\"e-con-inner\">\n\t\t\t\t<div class=\"elementor-element elementor-element-dde8406 elementor-widget elementor-widget-text-editor\" data-id=\"dde8406\" data-element_type=\"widget\" data-widget_type=\"text-editor.default\">\n\t\t\t\t\t\t\t\t\t<p>Visuelle Elemente zu schaffen, die Geschichten erz\u00e4hlen, die Aufmerksamkeit erregen und Werte vermitteln.<\/p><p>Wir helfen Unternehmen, Unternehmern und Organisationen, ihre Botschaft koh\u00e4rent und stilvoll durch Designs zu vermitteln, die auf Wirkung ausgelegt sind.<\/p>\t\t\t\t\t\t\t\t<\/div>\n\t\t\t\t\t<\/div>\n\t\t\t\t<\/div>\n\t\t<div class=\"elementor-element elementor-element-ebe8960 e-flex e-con-boxed e-con e-parent\" data-id=\"ebe8960\" data-element_type=\"container\">\n\t\t\t\t\t<div class=\"e-con-inner\">\n\t\t\t\t<div class=\"elementor-element elementor-element-ddd6576 elementor-widget elementor-widget-heading\" data-id=\"ddd6576\" data-element_type=\"widget\" data-widget_type=\"heading.default\">\n\t\t\t\t\t<h2 class=\"elementor-heading-title elementor-size-default\">UNSERE VISION<\/h2>\t\t\t\t<\/div>\n\t\t\t\t\t<\/div>\n\t\t\t\t<\/div>\n\t\t<div class=\"elementor-element elementor-element-8794c45 e-flex e-con-boxed e-con e-parent\" data-id=\"8794c45\" data-element_type=\"container\">\n\t\t\t\t\t<div class=\"e-con-inner\">\n\t\t\t\t<div class=\"elementor-element elementor-element-cb46b38 elementor-widget elementor-widget-text-editor\" data-id=\"cb46b38\" data-element_type=\"widget\" data-widget_type=\"text-editor.default\">\n\t\t\t\t\t\t\t\t\t<p>Als Referenz in visueller Kommunikation, kreativer Innovation und Engagement f\u00fcr Qualit\u00e4t anerkannt zu werden. Wir streben danach, unsere Reichweite zu erweitern und dabei stets das k\u00fcnstlerische Flair, die pers\u00f6nliche Betreuung und die Liebe zum Detail zu bewahren.<\/p>\t\t\t\t\t\t\t\t<\/div>\n\t\t\t\t\t<\/div>\n\t\t\t\t<\/div>\n\t\t\t\t<\/div>\n\t\t","protected":false},"excerpt":{"rendered":"<p>WER WIR SIND? Pixel ist ein Unternehmen, das sich auf die Transformation von Bildern spezialisiert hat, die verbinden. Wir bieten umfassende visuelle L\u00f6sungen an: vom Grafikdesign bis zur Implementierung physischer und digitaler Medien, um die Markenidentit\u00e4t unserer Kunden zu st\u00e4rken und klar, \u00e4sthetisch und effektiv zu kommunizieren. UNSERE WERTE Kreativit\u00e4t: Wir suchen nach originellen Ideen [&hellip;]<\/p>\n","protected":false},"author":2,"featured_media":0,"parent":0,"menu_order":0,"comment_status":"closed","ping_status":"closed","template":"","meta":{"footnotes":""},"class_list":["post-1124","page","type-page","status-publish","hentry"],"_links":{"self":[{"href":"https:\/\/pixel-spain.com\/de\/wp-json\/wp\/v2\/pages\/1124","targetHints":{"allow":["GET"]}}],"collection":[{"href":"https:\/\/pixel-spain.com\/de\/wp-json\/wp\/v2\/pages"}],"about":[{"href":"https:\/\/pixel-spain.com\/de\/wp-json\/wp\/v2\/types\/page"}],"author":[{"embeddable":true,"href":"https:\/\/pixel-spain.com\/de\/wp-json\/wp\/v2\/users\/2"}],"replies":[{"embeddable":true,"href":"https:\/\/pixel-spain.com\/de\/wp-json\/wp\/v2\/comments?post=1124"}],"version-history":[{"count":1,"href":"https:\/\/pixel-spain.com\/de\/wp-json\/wp\/v2\/pages\/1124\/revisions"}],"predecessor-version":[{"id":1128,"href":"https:\/\/pixel-spain.com\/de\/wp-json\/wp\/v2\/pages\/1124\/revisions\/1128"}],"wp:attachment":[{"href":"https:\/\/pixel-spain.com\/de\/wp-json\/wp\/v2\/media?parent=1124"}],"curies":[{"name":"wp","href":"https:\/\/api.w.org\/{rel}","templated":true}]}}